{"id":2,"date":"2024-09-26T02:52:40","date_gmt":"2024-09-26T02:52:40","guid":{"rendered":"http:\/\/przemeksob.pl\/?page_id=2"},"modified":"2024-09-26T05:35:51","modified_gmt":"2024-09-26T05:35:51","slug":"sample-page","status":"publish","type":"page","link":"https:\/\/przemeksob.pl\/index.php\/sample-page\/","title":{"rendered":"O Autorze"},"content":{"rendered":"\n<p class=\"has-text-align-left\">Nazywam si\u0119 Przemek Soboci\u0144ski. Urodzi\u0142em si\u0119 w 1984 roku w Krakowie. Lubi\u0119 zwierz\u0119ta i przyrod\u0119. Poza podziwianiem natury lubi\u0119 czyta\u0107 ksi\u0105\u017cki, czasami pos\u0142ucham podcastu lub audiobooka, s\u0142ucham tak\u017ce muzyki &#8211; g\u0142\u00f3wnie pop, rock, czasami techno. Chodz\u0119 tak\u017ce do\u015b\u0107 cz\u0119sto do kina. Jestem zafascynowany nowoczesnymi technologiami, lubi\u0119 nabywa\u0107 r\u00f3\u017cne gad\u017cety, mniej lub bardziej przydatne. \ud83d\ude42 Troch\u0119 zazdroszcz\u0119 innym krajom post\u0119pu technologicznego, np. Japonii szybkich poci\u0105g\u00f3w Shinkansen, jak r\u00f3wnie\u017c elektrowni j\u0105drowych. Nie zazdroszcz\u0119 trz\u0119sie\u0144 ziemi i tsunami.<\/p>\n\n\n\n<p class=\"has-text-align-left\">Postanowi\u0142em utworzy\u0107 t\u0119 stronk\u0119, gdy\u017c granie w gry i s\u0142uchanie muzyki zaczyna mnie ju\u017c powoli nudzi\u0107, a tak\u017ce mam nadziej\u0119, \u017ce wyjd\u0119 z zamkni\u0119tych schemat\u00f3w (praca &#8211; dom &#8211; tv &#8211; komputer &#8211; praca) i przebij\u0119 chocia\u017c kilka baniek informacyjnych, w kt\u00f3rych siedz\u0119. Zaczyna mnie r\u00f3wnie\u017c mierzi\u0107 forma Facebooka, jakby by\u0142 jedn\u0105 i jedyn\u0105 form\u0105 kontaktu przez Internet i zdobywania znajomych.<\/p>\n\n\n\n<p>Postaram si\u0119 w tym miejscu pisa\u0107 na tematy, kt\u00f3re mnie interesuj\u0105, s\u0105 w jakim\u015b stopniu dla mnie wa\u017cne. Interesuj\u0119 si\u0119 po trochu histori\u0105, szczeg\u00f3lnie staro\u017cytn\u0105, gdy\u017c w jakim\u015b stopniu jest mistyczna, owiana mg\u0142\u0105 tajemnicy. <\/p>\n\n\n\n<p>B\u0119d\u0119 chcia\u0142 napisa\u0107 troch\u0119 o swoim \u015bwiatopogl\u0105dzie, mo\u017ce w formie jakich\u015b kr\u00f3tkich rozwa\u017ca\u0144 lub czego\u015b w podobnym stylu. <\/p>\n\n\n\n<p>A wi\u0119c do dzie\u0142a! \ud83d\ude42<\/p>\n\n\n\n<p><\/p>\n","protected":false},"excerpt":{"rendered":"<p>Nazywam si\u0119 Przemek Soboci\u0144ski. Urodzi\u0142em si\u0119 w 1984 roku w Krakowie. Lubi\u0119 zwierz\u0119ta i przyrod\u0119. Poza podziwianiem natury lubi\u0119 czyta\u0107 ksi\u0105\u017cki, czasami pos\u0142ucham podcastu lub audiobooka, s\u0142ucham tak\u017ce muzyki &#8211; g\u0142\u00f3wnie pop, rock, czasami techno. Chodz\u0119 tak\u017ce do\u015b\u0107 cz\u0119sto do kina. Jestem zafascynowany nowoczesnymi technologiami, lubi\u0119 nabywa\u0107 r\u00f3\u017cne gad\u017cety, mniej lub bardziej przydatne. \ud83d\ude42 Troch\u0119 [&hellip;]<\/p>\n","protected":false},"author":1,"featured_media":0,"parent":0,"menu_order":0,"comment_status":"closed","ping_status":"open","template":"","meta":{"_bbp_topic_count":0,"_bbp_reply_count":0,"_bbp_total_topic_count":0,"_bbp_total_reply_count":0,"_bbp_voice_count":0,"_bbp_anonymous_reply_count":0,"_bbp_topic_count_hidden":0,"_bbp_reply_count_hidden":0,"_bbp_forum_subforum_count":0,"footnotes":""},"class_list":["post-2","page","type-page","status-publish","hentry"],"_links":{"self":[{"href":"https:\/\/przemeksob.pl\/index.php\/wp-json\/wp\/v2\/pages\/2","targetHints":{"allow":["GET"]}}],"collection":[{"href":"https:\/\/przemeksob.pl\/index.php\/wp-json\/wp\/v2\/pages"}],"about":[{"href":"https:\/\/przemeksob.pl\/index.php\/wp-json\/wp\/v2\/types\/page"}],"author":[{"embeddable":true,"href":"https:\/\/przemeksob.pl\/index.php\/wp-json\/wp\/v2\/users\/1"}],"replies":[{"embeddable":true,"href":"https:\/\/przemeksob.pl\/index.php\/wp-json\/wp\/v2\/comments?post=2"}],"version-history":[{"count":5,"href":"https:\/\/przemeksob.pl\/index.php\/wp-json\/wp\/v2\/pages\/2\/revisions"}],"predecessor-version":[{"id":28,"href":"https:\/\/przemeksob.pl\/index.php\/wp-json\/wp\/v2\/pages\/2\/revisions\/28"}],"wp:attachment":[{"href":"https:\/\/przemeksob.pl\/index.php\/wp-json\/wp\/v2\/media?parent=2"}],"curies":[{"name":"wp","href":"https:\/\/api.w.org\/{rel}","templated":true}]}}